{"id":7387,"date":"2021-04-26T15:39:56","date_gmt":"2021-04-26T15:39:56","guid":{"rendered":"https:\/\/cdes.org.ec\/webantigua\/?page_id=7387"},"modified":"2021-07-12T15:06:03","modified_gmt":"2021-07-12T15:06:03","slug":"accion-juridica","status":"publish","type":"page","link":"https:\/\/cdes.org.ec\/webantigua\/accion-juridica\/","title":{"rendered":"Accion Juridica"},"content":{"rendered":"<p>Emprendemos acciones jur\u00eddicas para defender los derechos econ\u00f3micos y sociales. Para estos procesos articulamos la participaci\u00f3n de grupos y personas en situaci\u00f3n de vulnerabilidad. Consideramos que los derechos son conquistas sociales.<\/p>\n<p>Con el objetivo de contribuir en el estudio de la jurisprudencia y el litigio estrat\u00e9gico, en este segmento compartimos los escritos jur\u00eddicos involucrados en nuestros procesos de exigibilidad de derechos. Tambi\u00e9n se puede encontrar noticias, an\u00e1lisis y documentos relacionados.<\/p>\n<p>Sigue el enlace para conocer m\u00e1s sobre el <a href=\"https:\/\/cdes.org.ec\/webantigua\/marco-normativo-1\/\">Marco Normativo de Derechos Econ\u00f3micos y Sociales<\/a>. Encontrar\u00e1s instrumentos internacionales y otros documentos que est\u00e1n en construcci\u00f3n como el Tratado Vinculante de Derechos Humanos y Transnacionales.<\/p>\n","protected":false},"excerpt":{"rendered":"<p>Emprendemos acciones jur\u00eddicas para defender los derechos econ\u00f3micos y sociales. [&hellip;]<\/p>\n","protected":false},"author":1,"featured_media":0,"parent":0,"menu_order":0,"comment_status":"closed","ping_status":"closed","template":"page-accion-juridica.php","meta":{"_siteseo_robots_primary_cat":"","_joinchat":[],"footnotes":""},"class_list":["post-7387","page","type-page","status-publish","hentry"],"_links":{"self":[{"href":"https:\/\/cdes.org.ec\/webantigua\/wp-json\/wp\/v2\/pages\/7387","targetHints":{"allow":["GET"]}}],"collection":[{"href":"https:\/\/cdes.org.ec\/webantigua\/wp-json\/wp\/v2\/pages"}],"about":[{"href":"https:\/\/cdes.org.ec\/webantigua\/wp-json\/wp\/v2\/types\/page"}],"author":[{"embeddable":true,"href":"https:\/\/cdes.org.ec\/webantigua\/wp-json\/wp\/v2\/users\/1"}],"replies":[{"embeddable":true,"href":"https:\/\/cdes.org.ec\/webantigua\/wp-json\/wp\/v2\/comments?post=7387"}],"version-history":[{"count":7,"href":"https:\/\/cdes.org.ec\/webantigua\/wp-json\/wp\/v2\/pages\/7387\/revisions"}],"predecessor-version":[{"id":8159,"href":"https:\/\/cdes.org.ec\/webantigua\/wp-json\/wp\/v2\/pages\/7387\/revisions\/8159"}],"wp:attachment":[{"href":"https:\/\/cdes.org.ec\/webantigua\/wp-json\/wp\/v2\/media?parent=7387"}],"curies":[{"name":"wp","href":"https:\/\/api.w.org\/{rel}","templated":true}]}}